{"id":1480,"date":"2024-09-05T12:25:18","date_gmt":"2024-09-05T10:25:18","guid":{"rendered":"https:\/\/efas.nl\/gefaehrdungsbeurteilung-rie\/"},"modified":"2024-12-10T08:26:38","modified_gmt":"2024-12-10T07:26:38","slug":"gefaehrdungsbeurteilung-rie","status":"publish","type":"page","link":"https:\/\/efas.nl\/de\/gefaehrdungsbeurteilung-rie\/","title":{"rendered":"Gef\u00e4hrdungsbeurteilung (RI&amp;E)"},"content":{"rendered":"\t\t<div data-elementor-type=\"wp-page\" data-elementor-id=\"1480\" class=\"elementor elementor-1480 elementor-41\" data-elementor-post-type=\"page\">\n\t\t\t\t<div class=\"elementor-element elementor-element-8fea78d e-flex e-con-boxed e-con e-parent\" data-id=\"8fea78d\" data-element_type=\"container\" data-e-type=\"container\" data-settings=\"{&quot;background_background&quot;:&quot;gradient&quot;,&quot;jet_parallax_layout_list&quot;:[]}\">\n\t\t\t\t\t<div class=\"e-con-inner\">\n\t\t<div class=\"elementor-element elementor-element-fda1b42 e-con-full e-flex e-con e-child\" data-id=\"fda1b42\" data-element_type=\"container\" data-e-type=\"container\" data-settings=\"{&quot;jet_parallax_layout_list&quot;:[]}\">\n\t\t<div class=\"elementor-element elementor-element-0a2794f e-con-full e-flex e-con e-child\" data-id=\"0a2794f\" data-element_type=\"container\" data-e-type=\"container\" data-settings=\"{&quot;jet_parallax_layout_list&quot;:[]}\">\n\t\t\t\t<div class=\"elementor-element elementor-element-858e076 elementor-widget elementor-widget-heading\" data-id=\"858e076\" data-element_type=\"widget\" data-e-type=\"widget\" data-widget_type=\"heading.default\">\n\t\t\t\t<div class=\"elementor-widget-container\">\n\t\t\t\t\t<h1 class=\"elementor-heading-title elementor-size-default\">Gef\u00e4hrdungsbeurteilung (RI&amp;E)<\/h1>\t\t\t\t<\/div>\n\t\t\t\t<\/div>\n\t\t\t\t<div class=\"elementor-element elementor-element-9194873 elementor-widget elementor-widget-text-editor\" data-id=\"9194873\" data-element_type=\"widget\" data-e-type=\"widget\" data-widget_type=\"text-editor.default\">\n\t\t\t\t<div class=\"elementor-widget-container\">\n\t\t\t\t\t\t\t\t\t<p>Entdecken Sie, wie wichtig es ist, eine Gef\u00e4hrdungsbeurteilung (RI&amp;E) vorzunehmen.<\/p>\n<div> <\/div>\n\t\t\t\t\t\t\t\t<\/div>\n\t\t\t\t<\/div>\n\t\t\t\t<\/div>\n\t\t<div class=\"elementor-element elementor-element-6247bb4 e-con-full e-flex e-con e-child\" data-id=\"6247bb4\" data-element_type=\"container\" data-e-type=\"container\" data-settings=\"{&quot;jet_parallax_layout_list&quot;:[]}\">\n\t\t\t\t<div class=\"elementor-element elementor-element-9b9780c elementor-widget elementor-widget-image\" data-id=\"9b9780c\" data-element_type=\"widget\" data-e-type=\"widget\" data-widget_type=\"image.default\">\n\t\t\t\t<div class=\"elementor-widget-container\">\n\t\t\t\t\t\t\t\t\t\t\t\t\t\t\t<img fetchpriority=\"high\" decoding=\"async\" width=\"1600\" height=\"1067\" src=\"https:\/\/efas.nl\/wp-content\/uploads\/efas-11.jpeg\" class=\"attachment-full size-full wp-image-1403\" alt=\"RI&amp;E erkend leerbedrijf\" srcset=\"https:\/\/efas.nl\/wp-content\/uploads\/efas-11.jpeg 1600w, https:\/\/efas.nl\/wp-content\/uploads\/efas-11-300x200.jpeg 300w, https:\/\/efas.nl\/wp-content\/uploads\/efas-11-1024x683.jpeg 1024w, https:\/\/efas.nl\/wp-content\/uploads\/elementor\/thumbs\/efas-11-qw2ngfwi8ki9zpf1a6crmdah9e1935doz81dq7ypds.jpeg 768w, https:\/\/efas.nl\/wp-content\/uploads\/efas-11-1536x1024.jpeg 1536w\" sizes=\"(max-width: 1600px) 100vw, 1600px\" \/>\t\t\t\t\t\t\t\t\t\t\t\t\t\t\t<\/div>\n\t\t\t\t<\/div>\n\t\t\t\t<\/div>\n\t\t\t\t<\/div>\n\t\t\t\t\t<\/div>\n\t\t\t\t<\/div>\n\t\t<div class=\"elementor-element elementor-element-bd116ae e-con-full e-flex e-con e-parent\" data-id=\"bd116ae\" data-element_type=\"container\" data-e-type=\"container\" data-settings=\"{&quot;jet_parallax_layout_list&quot;:[]}\">\n\t\t<div class=\"elementor-element elementor-element-280fafb e-con-full e-flex e-con e-child\" data-id=\"280fafb\" data-element_type=\"container\" data-e-type=\"container\" data-settings=\"{&quot;background_background&quot;:&quot;classic&quot;,&quot;jet_parallax_layout_list&quot;:[]}\">\n\t\t\t\t<\/div>\n\t\t<div class=\"elementor-element elementor-element-1819791 e-con-full e-flex e-con e-child\" data-id=\"1819791\" data-element_type=\"container\" data-e-type=\"container\" data-settings=\"{&quot;background_background&quot;:&quot;classic&quot;,&quot;jet_parallax_layout_list&quot;:[]}\">\n\t\t\t\t<\/div>\n\t\t<div class=\"elementor-element elementor-element-a641232 e-con-full e-flex e-con e-child\" data-id=\"a641232\" data-element_type=\"container\" data-e-type=\"container\" data-settings=\"{&quot;background_background&quot;:&quot;classic&quot;,&quot;jet_parallax_layout_list&quot;:[]}\">\n\t\t\t\t<\/div>\n\t\t<div class=\"elementor-element elementor-element-d23036d e-con-full e-flex e-con e-child\" data-id=\"d23036d\" data-element_type=\"container\" data-e-type=\"container\" data-settings=\"{&quot;background_background&quot;:&quot;classic&quot;,&quot;jet_parallax_layout_list&quot;:[]}\">\n\t\t\t\t<\/div>\n\t\t<div class=\"elementor-element elementor-element-dff5c95 e-con-full e-flex e-con e-child\" data-id=\"dff5c95\" data-element_type=\"container\" data-e-type=\"container\" data-settings=\"{&quot;background_background&quot;:&quot;classic&quot;,&quot;jet_parallax_layout_list&quot;:[]}\">\n\t\t\t\t<\/div>\n\t\t\t\t<\/div>\n\t\t<div class=\"elementor-element elementor-element-ad7aee6 e-flex e-con-boxed e-con e-parent\" data-id=\"ad7aee6\" data-element_type=\"container\" data-e-type=\"container\" data-settings=\"{&quot;jet_parallax_layout_list&quot;:[]}\">\n\t\t\t\t\t<div class=\"e-con-inner\">\n\t\t<div class=\"elementor-element elementor-element-f06a8d0 e-con-full e-flex e-con e-child\" data-id=\"f06a8d0\" data-element_type=\"container\" data-e-type=\"container\" data-settings=\"{&quot;jet_parallax_layout_list&quot;:[]}\">\n\t\t<div class=\"elementor-element elementor-element-312e0cf e-con-full e-flex e-con e-child\" data-id=\"312e0cf\" data-element_type=\"container\" data-e-type=\"container\" data-settings=\"{&quot;jet_parallax_layout_list&quot;:[]}\">\n\t\t\t\t<div class=\"elementor-element elementor-element-20ee4c1 elementor-widget elementor-widget-image\" data-id=\"20ee4c1\" data-element_type=\"widget\" data-e-type=\"widget\" data-widget_type=\"image.default\">\n\t\t\t\t<div class=\"elementor-widget-container\">\n\t\t\t\t\t\t\t\t\t\t\t\t\t\t\t<img decoding=\"async\" width=\"1600\" height=\"1067\" src=\"https:\/\/efas.nl\/wp-content\/uploads\/efas-4.jpeg\" class=\"attachment-full size-full wp-image-1391\" alt=\"\" srcset=\"https:\/\/efas.nl\/wp-content\/uploads\/efas-4.jpeg 1600w, https:\/\/efas.nl\/wp-content\/uploads\/efas-4-300x200.jpeg 300w, https:\/\/efas.nl\/wp-content\/uploads\/efas-4-1024x683.jpeg 1024w, https:\/\/efas.nl\/wp-content\/uploads\/efas-4-768x512.jpeg 768w, https:\/\/efas.nl\/wp-content\/uploads\/efas-4-1536x1024.jpeg 1536w\" sizes=\"(max-width: 1600px) 100vw, 1600px\" \/>\t\t\t\t\t\t\t\t\t\t\t\t\t\t\t<\/div>\n\t\t\t\t<\/div>\n\t\t\t\t<\/div>\n\t\t<div class=\"elementor-element elementor-element-a44e7ff e-con-full e-flex e-con e-child\" data-id=\"a44e7ff\" data-element_type=\"container\" data-e-type=\"container\" data-settings=\"{&quot;jet_parallax_layout_list&quot;:[]}\">\n\t\t\t\t<div class=\"elementor-element elementor-element-52a1040 elementor-widget elementor-widget-heading\" data-id=\"52a1040\" data-element_type=\"widget\" data-e-type=\"widget\" data-widget_type=\"heading.default\">\n\t\t\t\t<div class=\"elementor-widget-container\">\n\t\t\t\t\t<h2 class=\"elementor-heading-title elementor-size-default\">Was ist eine Gef\u00e4hrdungsbeurteilung (RI&amp;E)?<\/h2>\t\t\t\t<\/div>\n\t\t\t\t<\/div>\n\t\t\t\t<div class=\"elementor-element elementor-element-1beb69d elementor-widget elementor-widget-text-editor\" data-id=\"1beb69d\" data-element_type=\"widget\" data-e-type=\"widget\" data-widget_type=\"text-editor.default\">\n\t\t\t\t<div class=\"elementor-widget-container\">\n\t\t\t\t\t\t\t\t\tEine RI&amp;E ist eine systematische Untersuchung auf alle potenziellen Risiken in Ihrem Unternehmen. Das kann von physischer Sicherheit bis zu psychosozialer Arbeitsbelastung reichen. Ziel ist es, diese Risiken zu erkennen, zu bewerten und Ma\u00dfnahmen dagegen zu ergreifen.\n\t\t\t\t\t\t\t\t<\/div>\n\t\t\t\t<\/div>\n\t\t\t\t<div class=\"elementor-element elementor-element-973545f elementor-widget elementor-widget-button\" data-id=\"973545f\" data-element_type=\"widget\" data-e-type=\"widget\" data-widget_type=\"button.default\">\n\t\t\t\t<div class=\"elementor-widget-container\">\n\t\t\t\t\t\t\t\t\t<div class=\"elementor-button-wrapper\">\n\t\t\t\t\t<a class=\"elementor-button elementor-button-link elementor-size-sm\" href=\"https:\/\/efas.nl\/contact\/\">\n\t\t\t\t\t\t<span class=\"elementor-button-content-wrapper\">\n\t\t\t\t\t\t\t\t\t<span class=\"elementor-button-text\">Nehmen Sie Kontakt auf<\/span>\n\t\t\t\t\t<\/span>\n\t\t\t\t\t<\/a>\n\t\t\t\t<\/div>\n\t\t\t\t\t\t\t\t<\/div>\n\t\t\t\t<\/div>\n\t\t\t\t<\/div>\n\t\t\t\t<\/div>\n\t\t\t\t\t<\/div>\n\t\t\t\t<\/div>\n\t\t<div class=\"elementor-element elementor-element-3eb879c e-flex e-con-boxed e-con e-parent\" data-id=\"3eb879c\" data-element_type=\"container\" data-e-type=\"container\" data-settings=\"{&quot;jet_parallax_layout_list&quot;:[]}\">\n\t\t\t\t\t<div class=\"e-con-inner\">\n\t\t<div class=\"elementor-element elementor-element-671e33e e-con-full e-flex e-con e-child\" data-id=\"671e33e\" data-element_type=\"container\" data-e-type=\"container\" data-settings=\"{&quot;jet_parallax_layout_list&quot;:[]}\">\n\t\t<div class=\"elementor-element elementor-element-311bbad e-con-full e-flex e-con e-child\" data-id=\"311bbad\" data-element_type=\"container\" data-e-type=\"container\" data-settings=\"{&quot;jet_parallax_layout_list&quot;:[]}\">\n\t\t\t\t<div class=\"elementor-element elementor-element-5387340 elementor-widget elementor-widget-heading\" data-id=\"5387340\" data-element_type=\"widget\" data-e-type=\"widget\" data-widget_type=\"heading.default\">\n\t\t\t\t<div class=\"elementor-widget-container\">\n\t\t\t\t\t<h2 class=\"elementor-heading-title elementor-size-default\">Warum RI&amp;E?<span style=\"color: var( --e-global-color-primary );text-align: var(--text-align)\"><\/span><\/h2>\t\t\t\t<\/div>\n\t\t\t\t<\/div>\n\t\t\t\t<div class=\"elementor-element elementor-element-fa3e333 elementor-widget elementor-widget-text-editor\" data-id=\"fa3e333\" data-element_type=\"widget\" data-e-type=\"widget\" data-widget_type=\"text-editor.default\">\n\t\t\t\t<div class=\"elementor-widget-container\">\n\t\t\t\t\t\t\t\t\t<p>Eine sorgf\u00e4ltig durchgef\u00fchrte RI&amp;E ist nicht nur hilfreich, um gesetzliche Verpflichtungen einzuhalten, sondern bietet auch Einblick in die Schwachstellen Ihres Unternehmens. Sie k\u00f6nnen dadurch Unf\u00e4lle, Fehlzeiten und hohe Kosten bedingt durch unsichere Arbeitsbedingungen verhindern. Dar\u00fcber hinaus tr\u00e4gt ein sicheres Arbeitsumfeld zur Zufriedenheit und Produktivit\u00e4t Ihrer Mitarbeiter bei.<\/p>\n<div> <\/div>\n\t\t\t\t\t\t\t\t<\/div>\n\t\t\t\t<\/div>\n\t\t\t\t<\/div>\n\t\t<div class=\"elementor-element elementor-element-8b2d0d4 e-con-full e-flex e-con e-child\" data-id=\"8b2d0d4\" data-element_type=\"container\" data-e-type=\"container\" data-settings=\"{&quot;jet_parallax_layout_list&quot;:[]}\">\n\t\t\t\t<div class=\"elementor-element elementor-element-8b0f3e4 elementor-widget elementor-widget-heading\" data-id=\"8b0f3e4\" data-element_type=\"widget\" data-e-type=\"widget\" data-widget_type=\"heading.default\">\n\t\t\t\t<div class=\"elementor-widget-container\">\n\t\t\t\t\t<h2 class=\"elementor-heading-title elementor-size-default\">Ist eine RI&amp;E vorgeschrieben?<span style=\"color: var( --e-global-color-primary );text-align: var(--text-align)\"><\/span><\/h2>\t\t\t\t<\/div>\n\t\t\t\t<\/div>\n\t\t\t\t<div class=\"elementor-element elementor-element-fb22a3f elementor-widget elementor-widget-text-editor\" data-id=\"fb22a3f\" data-element_type=\"widget\" data-e-type=\"widget\" data-widget_type=\"text-editor.default\">\n\t\t\t\t<div class=\"elementor-widget-container\">\n\t\t\t\t\t\t\t\t\t<p>Ja, laut Arbeitsschutzgesetz (Arbowet) ist jeder Arbeitgeber mit Personal verpflichtet, eine RI&amp;E durchzuf\u00fchren. Dies gilt f\u00fcr Betriebe jeder Gr\u00f6\u00dfe. Selbst wenn Sie nur einen Mitarbeiter besch\u00e4ftigen, sind Sie gesetzlich verpflichtet, die Risiken in Ihrem Unternehmen zu erfassen und diese zu beherrschen.<\/p>\n\t\t\t\t\t\t\t\t<\/div>\n\t\t\t\t<\/div>\n\t\t\t\t<\/div>\n\t\t\t\t<\/div>\n\t\t\t\t\t<\/div>\n\t\t\t\t<\/div>\n\t\t<div class=\"elementor-element elementor-element-ca08035 e-flex e-con-boxed e-con e-parent\" data-id=\"ca08035\" data-element_type=\"container\" data-e-type=\"container\" data-settings=\"{&quot;background_background&quot;:&quot;classic&quot;,&quot;jet_parallax_layout_list&quot;:[]}\">\n\t\t\t\t\t<div class=\"e-con-inner\">\n\t\t<div class=\"elementor-element elementor-element-8d753c6 e-con-full e-flex e-con e-child\" data-id=\"8d753c6\" data-element_type=\"container\" data-e-type=\"container\" data-settings=\"{&quot;jet_parallax_layout_list&quot;:[]}\">\n\t\t<div class=\"elementor-element elementor-element-5811ae3 e-con-full e-flex e-con e-child\" data-id=\"5811ae3\" data-element_type=\"container\" data-e-type=\"container\" data-settings=\"{&quot;jet_parallax_layout_list&quot;:[]}\">\n\t\t\t\t<div class=\"elementor-element elementor-element-98ecf49 elementor-widget elementor-widget-heading\" data-id=\"98ecf49\" data-element_type=\"widget\" data-e-type=\"widget\" data-widget_type=\"heading.default\">\n\t\t\t\t<div class=\"elementor-widget-container\">\n\t\t\t\t\t<h2 class=\"elementor-heading-title elementor-size-default\">Wann und wie oft eine RI&amp;E?\n<\/h2>\t\t\t\t<\/div>\n\t\t\t\t<\/div>\n\t\t\t\t<div class=\"elementor-element elementor-element-2779a5c elementor-widget elementor-widget-text-editor\" data-id=\"2779a5c\" data-element_type=\"widget\" data-e-type=\"widget\" data-widget_type=\"text-editor.default\">\n\t\t\t\t<div class=\"elementor-widget-container\">\n\t\t\t\t\t\t\t\t\tDie Durchf\u00fchrung einer Gef\u00e4hrdungsbeurteilung (RI&amp;E) ist nicht nur hilfreich, um gesetzliche Verpflichtungen einzuhalten, sondern bietet auch Einblick in die Schwachstellen Ihres Unternehmens. Sie k\u00f6nnen dadurch Unf\u00e4lle, Fehlzeiten und hohe Kosten bedingt durch unsichere Arbeitsbedingungen verhindern. Dar\u00fcber hinaus tr\u00e4gt ein sicheres Arbeitsumfeld zur Zufriedenheit und Produktivit\u00e4t Ihrer Mitarbeiter bei.\n<div><\/div>\t\t\t\t\t\t\t\t<\/div>\n\t\t\t\t<\/div>\n\t\t\t\t<\/div>\n\t\t<div class=\"elementor-element elementor-element-ee314ca e-con-full e-flex e-con e-child\" data-id=\"ee314ca\" data-element_type=\"container\" data-e-type=\"container\" data-settings=\"{&quot;jet_parallax_layout_list&quot;:[]}\">\n\t\t\t\t<div class=\"elementor-element elementor-element-08ecc58 elementor-widget elementor-widget-image\" data-id=\"08ecc58\" data-element_type=\"widget\" data-e-type=\"widget\" data-widget_type=\"image.default\">\n\t\t\t\t<div class=\"elementor-widget-container\">\n\t\t\t\t\t\t\t\t\t\t\t\t\t\t\t<img decoding=\"async\" width=\"1600\" height=\"1067\" src=\"https:\/\/efas.nl\/wp-content\/uploads\/efas-0.jpeg\" class=\"attachment-full size-full wp-image-1383\" alt=\"\" srcset=\"https:\/\/efas.nl\/wp-content\/uploads\/efas-0.jpeg 1600w, https:\/\/efas.nl\/wp-content\/uploads\/efas-0-300x200.jpeg 300w, https:\/\/efas.nl\/wp-content\/uploads\/efas-0-1024x683.jpeg 1024w, https:\/\/efas.nl\/wp-content\/uploads\/elementor\/thumbs\/efas-0-qw7rfbwmbwqrhnav9gfwhltoegnosesgjhacxm524g.jpeg 768w, https:\/\/efas.nl\/wp-content\/uploads\/efas-0-1536x1024.jpeg 1536w\" sizes=\"(max-width: 1600px) 100vw, 1600px\" \/>\t\t\t\t\t\t\t\t\t\t\t\t\t\t\t<\/div>\n\t\t\t\t<\/div>\n\t\t\t\t<\/div>\n\t\t\t\t<\/div>\n\t\t\t\t\t<\/div>\n\t\t\t\t<\/div>\n\t\t<div class=\"elementor-element elementor-element-964bcc0 e-flex e-con-boxed e-con e-parent\" data-id=\"964bcc0\" data-element_type=\"container\" data-e-type=\"container\" data-settings=\"{&quot;jet_parallax_layout_list&quot;:[]}\">\n\t\t\t\t\t<div class=\"e-con-inner\">\n\t\t<div class=\"elementor-element elementor-element-c063532 e-con-full e-flex e-con e-child\" data-id=\"c063532\" data-element_type=\"container\" data-e-type=\"container\" data-settings=\"{&quot;jet_parallax_layout_list&quot;:[]}\">\n\t\t<div class=\"elementor-element elementor-element-c37e7b2 e-con-full e-flex e-con e-child\" data-id=\"c37e7b2\" data-element_type=\"container\" data-e-type=\"container\" data-settings=\"{&quot;jet_parallax_layout_list&quot;:[]}\">\n\t\t\t\t<div class=\"elementor-element elementor-element-84da470 elementor-widget elementor-widget-image\" data-id=\"84da470\" data-element_type=\"widget\" data-e-type=\"widget\" data-widget_type=\"image.default\">\n\t\t\t\t<div class=\"elementor-widget-container\">\n\t\t\t\t\t\t\t\t\t\t\t\t\t\t\t<img loading=\"lazy\" decoding=\"async\" width=\"1600\" height=\"2400\" src=\"https:\/\/efas.nl\/wp-content\/uploads\/efas-8.jpeg\" class=\"attachment-full size-full wp-image-1397\" alt=\"\" srcset=\"https:\/\/efas.nl\/wp-content\/uploads\/efas-8.jpeg 1600w, https:\/\/efas.nl\/wp-content\/uploads\/efas-8-200x300.jpeg 200w, https:\/\/efas.nl\/wp-content\/uploads\/efas-8-683x1024.jpeg 683w, https:\/\/efas.nl\/wp-content\/uploads\/efas-8-768x1152.jpeg 768w, https:\/\/efas.nl\/wp-content\/uploads\/efas-8-1024x1536.jpeg 1024w, https:\/\/efas.nl\/wp-content\/uploads\/efas-8-1365x2048.jpeg 1365w\" sizes=\"(max-width: 1600px) 100vw, 1600px\" \/>\t\t\t\t\t\t\t\t\t\t\t\t\t\t\t<\/div>\n\t\t\t\t<\/div>\n\t\t\t\t<\/div>\n\t\t<div class=\"elementor-element elementor-element-d06c032 e-con-full e-flex e-con e-child\" data-id=\"d06c032\" data-element_type=\"container\" data-e-type=\"container\" data-settings=\"{&quot;jet_parallax_layout_list&quot;:[]}\">\n\t\t\t\t<div class=\"elementor-element elementor-element-81becfa elementor-widget elementor-widget-heading\" data-id=\"81becfa\" data-element_type=\"widget\" data-e-type=\"widget\" data-widget_type=\"heading.default\">\n\t\t\t\t<div class=\"elementor-widget-container\">\n\t\t\t\t\t<h2 class=\"elementor-heading-title elementor-size-default\">Welche Anforderungen muss eine RI&amp;E erf\u00fcllen?<span style=\"color: var( --e-global-color-primary );text-align: var(--text-align)\"><\/span><\/h2>\t\t\t\t<\/div>\n\t\t\t\t<\/div>\n\t\t\t\t<div class=\"elementor-element elementor-element-90f4938 elementor-widget elementor-widget-text-editor\" data-id=\"90f4938\" data-element_type=\"widget\" data-e-type=\"widget\" data-widget_type=\"text-editor.default\">\n\t\t\t\t<div class=\"elementor-widget-container\">\n\t\t\t\t\t\t\t\t\tEine RI&amp;E muss den Richtlinien des Arbeitsschutzgesetzes (Arbowet) entsprechen. Das bedeutet, dass alle potenziellen Risiken in Ihrem Unternehmen systematisch ermittelt und bewertet werden. Dar\u00fcber hinaus ist ein Ma\u00dfnahmenplan zu erstellen, worin die Risiken benannt und die Ma\u00dfnahmen beschrieben werden. Dieser Plan muss nicht nur den gesetzlichen Bestimmungen entsprechen, sondern muss auch im spezifischen Kontext Ihres Betriebs umsetzbar und anwendbar sein. Eine gr\u00fcndliche RI&amp;E ist unerl\u00e4sslich, um Sicherheit und Gesundheitsschutz am Arbeitsplatz zu gew\u00e4hrleisten.\n\t\t\t\t\t\t\t\t<\/div>\n\t\t\t\t<\/div>\n\t\t\t\t<\/div>\n\t\t<div class=\"elementor-element elementor-element-c391ddd e-con-full e-flex e-con e-child\" data-id=\"c391ddd\" data-element_type=\"container\" data-e-type=\"container\" data-settings=\"{&quot;jet_parallax_layout_list&quot;:[]}\">\n\t\t\t\t<div class=\"elementor-element elementor-element-ec1557f elementor-widget elementor-widget-heading\" data-id=\"ec1557f\" data-element_type=\"widget\" data-e-type=\"widget\" data-widget_type=\"heading.default\">\n\t\t\t\t<div class=\"elementor-widget-container\">\n\t\t\t\t\t<h2 class=\"elementor-heading-title elementor-size-default\">Wie EFAS Ihnen bei der Erstellung einer RI&amp;E helfen kann\n<\/h2>\t\t\t\t<\/div>\n\t\t\t\t<\/div>\n\t\t\t\t<div class=\"elementor-element elementor-element-a62a191 elementor-widget elementor-widget-text-editor\" data-id=\"a62a191\" data-element_type=\"widget\" data-e-type=\"widget\" data-widget_type=\"text-editor.default\">\n\t\t\t\t<div class=\"elementor-widget-container\">\n\t\t\t\t\t\t\t\t\tWir bei EFAS wissen genau, dass es bei Sicherheit und Gesundheitsschutz am Arbeitsplatz um mehr als das Abhaken einer Checkliste geht. Mit unserer langj\u00e4hrigen Praxiserfahrung und unserer Expertise bieten wir eine Gesamtl\u00f6sung, die ganz auf die Bed\u00fcrfnisse Ihres Betriebes zugeschnitten ist. Wir begleiten Sie bei jedem Schritt des Prozesses, von der RI&amp;E bis zur Umsetzung der Verbesserungen. Unser praktischer Ansatz gibt Ihnen die Sicherheit, dass Ihr Betrieb nicht nur die gesetzlichen Anforderungen erf\u00fcllt, sondern auch ein sicheres und gesundes Arbeitsumfeld f\u00fcr alle bietet.\n\t\t\t\t\t\t\t\t<\/div>\n\t\t\t\t<\/div>\n\t\t\t\t<\/div>\n\t\t\t\t<\/div>\n\t\t\t\t\t<\/div>\n\t\t\t\t<\/div>\n\t\t<div class=\"elementor-element elementor-element-c6050dd e-flex e-con-boxed e-con e-parent\" data-id=\"c6050dd\" data-element_type=\"container\" data-e-type=\"container\" data-settings=\"{&quot;background_background&quot;:&quot;classic&quot;,&quot;jet_parallax_layout_list&quot;:[]}\">\n\t\t\t\t\t<div class=\"e-con-inner\">\n\t\t<div class=\"elementor-element elementor-element-0ac9c4a e-con-full e-flex e-con e-child\" data-id=\"0ac9c4a\" data-element_type=\"container\" data-e-type=\"container\" data-settings=\"{&quot;jet_parallax_layout_list&quot;:[]}\">\n\t\t<div class=\"elementor-element elementor-element-95fae8b e-con-full e-flex e-con e-child\" data-id=\"95fae8b\" data-element_type=\"container\" data-e-type=\"container\" data-settings=\"{&quot;jet_parallax_layout_list&quot;:[]}\">\n\t\t\t\t<div class=\"elementor-element elementor-element-12b0011 elementor-widget elementor-widget-heading\" data-id=\"12b0011\" data-element_type=\"widget\" data-e-type=\"widget\" data-widget_type=\"heading.default\">\n\t\t\t\t<div class=\"elementor-widget-container\">\n\t\t\t\t\t<h2 class=\"elementor-heading-title elementor-size-default\">Gemeinsam ins Sparring?<\/h2>\t\t\t\t<\/div>\n\t\t\t\t<\/div>\n\t\t\t\t<div class=\"elementor-element elementor-element-0967cd1 elementor-widget elementor-widget-text-editor\" data-id=\"0967cd1\" data-element_type=\"widget\" data-e-type=\"widget\" data-widget_type=\"text-editor.default\">\n\t\t\t\t<div class=\"elementor-widget-container\">\n\t\t\t\t\t\t\t\t\t<p>Mit dem Fachwissen unserer SGU-Spezialisten sorgen Sie f\u00fcr ein sicheres, gesundes und nachhaltiges Arbeitsumfeld. Ob Entsendung, Beratung oder Zugang zu wichtigen SGU-Informationen, wir haben die L\u00f6sung f\u00fcr Sie. Machen Sie noch heute den Schritt zu mehr Sicherheit! Kontaktieren Sie uns umgehend und erfahren Sie, was wir f\u00fcr Ihr Unternehmen tun k\u00f6nnen.<\/p>\n\t\t\t\t\t\t\t\t<\/div>\n\t\t\t\t<\/div>\n\t\t\t\t<\/div>\n\t\t<div class=\"elementor-element elementor-element-301e465 e-con-full e-flex e-con e-child\" data-id=\"301e465\" data-element_type=\"container\" data-e-type=\"container\" data-settings=\"{&quot;jet_parallax_layout_list&quot;:[]}\">\n\t\t\t\t<div class=\"elementor-element elementor-element-97e8015 elementor-align-justify elementor-widget elementor-widget-button\" data-id=\"97e8015\" data-element_type=\"widget\" data-e-type=\"widget\" data-widget_type=\"button.default\">\n\t\t\t\t<div class=\"elementor-widget-container\">\n\t\t\t\t\t\t\t\t\t<div class=\"elementor-button-wrapper\">\n\t\t\t\t\t<a class=\"elementor-button elementor-button-link elementor-size-sm\" href=\"https:\/\/efas.nl\/contact\/\">\n\t\t\t\t\t\t<span class=\"elementor-button-content-wrapper\">\n\t\t\t\t\t\t\t\t\t<span class=\"elementor-button-text\">Kostenloser Erstkontakt<\/span>\n\t\t\t\t\t<\/span>\n\t\t\t\t\t<\/a>\n\t\t\t\t<\/div>\n\t\t\t\t\t\t\t\t<\/div>\n\t\t\t\t<\/div>\n\t\t\t\t<\/div>\n\t\t\t\t<\/div>\n\t\t\t\t\t<\/div>\n\t\t\t\t<\/div>\n\t\t\t\t<\/div>\n\t\t","protected":false},"excerpt":{"rendered":"<p>Gef\u00e4hrdungsbeurteilung (RI&amp;E) Entdecken Sie, wie wichtig es ist, eine Gef\u00e4hrdungsbeurteilung (RI&amp;E) vorzunehmen. Was ist eine Gef\u00e4hrdungsbeurteilung (RI&amp;E)? Eine RI&amp;E ist eine systematische Untersuchung auf alle potenziellen Risiken in Ihrem Unternehmen. Das kann von physischer Sicherheit bis zu psychosozialer Arbeitsbelastung reichen. Ziel ist es, diese Risiken zu erkennen, zu bewerten und Ma\u00dfnahmen dagegen zu ergreifen. Nehmen [&hellip;]<\/p>\n","protected":false},"author":1,"featured_media":0,"parent":0,"menu_order":0,"comment_status":"closed","ping_status":"closed","template":"","meta":{"_acf_changed":false,"_seopress_robots_primary_cat":"","_seopress_titles_title":"Was ist eine Gef\u00e4hrdungsbeurteilung (RI&E)? | EFAS","_seopress_titles_desc":"Als Arbeitgeber sind Sie verpflichtet, die Risiken am Arbeitsplatz zu erfassen. Zu diesem Zweck wird eine Gef\u00e4hrdungsbeurteilung (RI&E) vorgenommen.","_seopress_robots_index":"","_sitemap_exclude":false,"_sitemap_priority":"","_sitemap_frequency":"","footnotes":""},"class_list":["post-1480","page","type-page","status-publish","hentry"],"acf":[],"_links":{"self":[{"href":"https:\/\/efas.nl\/de\/wp-json\/wp\/v2\/pages\/1480","targetHints":{"allow":["GET"]}}],"collection":[{"href":"https:\/\/efas.nl\/de\/wp-json\/wp\/v2\/pages"}],"about":[{"href":"https:\/\/efas.nl\/de\/wp-json\/wp\/v2\/types\/page"}],"author":[{"embeddable":true,"href":"https:\/\/efas.nl\/de\/wp-json\/wp\/v2\/users\/1"}],"replies":[{"embeddable":true,"href":"https:\/\/efas.nl\/de\/wp-json\/wp\/v2\/comments?post=1480"}],"version-history":[{"count":1,"href":"https:\/\/efas.nl\/de\/wp-json\/wp\/v2\/pages\/1480\/revisions"}],"predecessor-version":[{"id":1481,"href":"https:\/\/efas.nl\/de\/wp-json\/wp\/v2\/pages\/1480\/revisions\/1481"}],"wp:attachment":[{"href":"https:\/\/efas.nl\/de\/wp-json\/wp\/v2\/media?parent=1480"}],"curies":[{"name":"wp","href":"https:\/\/api.w.org\/{rel}","templated":true}]}}